{"id":1376,"date":"2025-06-30T20:14:20","date_gmt":"2025-06-30T18:14:20","guid":{"rendered":"https:\/\/www.aurembiaix.cat\/?post_type=product&#038;p=1376"},"modified":"2025-10-29T17:35:27","modified_gmt":"2025-10-29T15:35:27","slug":"sub-rosa","status":"publish","type":"product","link":"https:\/\/www.aurembiaix.cat\/es\/producte\/sub-rosa\/","title":{"rendered":"Sub Rosa"},"content":{"rendered":"<p>&nbsp;<\/p>\n<p>T\u00e8cnica mixta sobre fusta.<\/p>\n<p>140cm de di\u00e0metre<\/p>\n","protected":false},"excerpt":{"rendered":"<p><strong>Sub Rosa<\/strong> es fonamenta en el misteri que envolta la rosa i la seva associaci\u00f3 amb Venus. La composici\u00f3 fa emergir textures org\u00e0niques i colors intensos, amb degoteigs que evoquen aigua i sang. L&#8217;expressi\u00f3 llatina \u00absub rosa\u00bb remet al secret i a la confidencialitat, i esdev\u00e9 en aquesta obra un homenatge visual al coneixement ancestral i ocult.<\/p>\n","protected":false},"featured_media":1337,"comment_status":"closed","ping_status":"closed","template":"","meta":[],"product_brand":[],"product_cat":[36],"product_tag":[],"class_list":{"0":"post-1376","1":"product","2":"type-product","3":"status-publish","4":"has-post-thumbnail","6":"product_cat-florir","7":"product_shipping_class-tamany-2","9":"first","10":"instock","11":"taxable","12":"shipping-taxable","13":"purchasable","14":"product-type-simple"},"aioseo_notices":[],"_links":{"self":[{"href":"https:\/\/www.aurembiaix.cat\/es\/wp-json\/wp\/v2\/product\/1376","targetHints":{"allow":["GET"]}}],"collection":[{"href":"https:\/\/www.aurembiaix.cat\/es\/wp-json\/wp\/v2\/product"}],"about":[{"href":"https:\/\/www.aurembiaix.cat\/es\/wp-json\/wp\/v2\/types\/product"}],"replies":[{"embeddable":true,"href":"https:\/\/www.aurembiaix.cat\/es\/wp-json\/wp\/v2\/comments?post=1376"}],"wp:featuredmedia":[{"embeddable":true,"href":"https:\/\/www.aurembiaix.cat\/es\/wp-json\/wp\/v2\/media\/1337"}],"wp:attachment":[{"href":"https:\/\/www.aurembiaix.cat\/es\/wp-json\/wp\/v2\/media?parent=1376"}],"wp:term":[{"taxonomy":"product_brand","embeddable":true,"href":"https:\/\/www.aurembiaix.cat\/es\/wp-json\/wp\/v2\/product_brand?post=1376"},{"taxonomy":"product_cat","embeddable":true,"href":"https:\/\/www.aurembiaix.cat\/es\/wp-json\/wp\/v2\/product_cat?post=1376"},{"taxonomy":"product_tag","embeddable":true,"href":"https:\/\/www.aurembiaix.cat\/es\/wp-json\/wp\/v2\/product_tag?post=1376"}],"curies":[{"name":"wp","href":"https:\/\/api.w.org\/{rel}","templated":true}]}}